{"id":5416,"date":"2026-02-06T21:20:18","date_gmt":"2026-02-06T21:20:18","guid":{"rendered":"https:\/\/www.vov-ommen.nl\/?page_id=5416"},"modified":"2026-02-08T13:16:47","modified_gmt":"2026-02-08T13:16:47","slug":"duurzaamheid-met-gezond-verstand","status":"publish","type":"page","link":"https:\/\/www.vov-ommen.nl\/index.php\/duurzaamheid-met-gezond-verstand\/","title":{"rendered":"Duurzaamheid met Gezond Verstand"},"content":{"rendered":"\t\t<div data-elementor-type=\"wp-page\" data-elementor-id=\"5416\" class=\"elementor elementor-5416\" data-elementor-post-type=\"page\">\n\t\t\t\t\t\t<section class=\"elementor-section elementor-top-section elementor-element elementor-element-548730bf elementor-section-boxed elementor-section-height-default elementor-section-height-default\" data-id=\"548730bf\" data-element_type=\"section\" data-e-type=\"section\">\n\t\t\t\t\t\t<div class=\"elementor-container elementor-column-gap-default\">\n\t\t\t\t\t<div class=\"elementor-column elementor-col-100 elementor-top-column elementor-element elementor-element-59ae648b\" data-id=\"59ae648b\" data-element_type=\"column\" data-e-type=\"column\">\n\t\t\t<div class=\"elementor-widget-wrap elementor-element-populated\">\n\t\t\t\t\t\t<div class=\"elementor-element elementor-element-4edc3583 elementor-headline--style-highlight elementor-widget elementor-widget-animated-headline\" data-id=\"4edc3583\" data-element_type=\"widget\" data-e-type=\"widget\" data-settings=\"{&quot;marker&quot;:&quot;double_underline&quot;,&quot;highlighted_text&quot;:&quot;beter kan!&quot;,&quot;highlight_animation_duration&quot;:1800,&quot;highlight_iteration_delay&quot;:10000,&quot;headline_style&quot;:&quot;highlight&quot;,&quot;loop&quot;:&quot;yes&quot;}\" data-widget_type=\"animated-headline.default\">\n\t\t\t\t<div class=\"elementor-widget-container\">\n\t\t\t\t\t\t\t<h3 class=\"elementor-headline\">\n\t\t\t\t\t<span class=\"elementor-headline-plain-text elementor-headline-text-wrapper\">Stem VOV, omdat het <\/span>\n\t\t\t\t<span class=\"elementor-headline-dynamic-wrapper elementor-headline-text-wrapper\">\n\t\t\t\t\t<span class=\"elementor-headline-dynamic-text elementor-headline-text-active\">beter kan!<\/span>\n\t\t\t\t<\/span>\n\t\t\t\t<\/h3>\n\t\t\t\t\t\t<\/div>\n\t\t\t\t<\/div>\n\t\t\t\t\t<\/div>\n\t\t<\/div>\n\t\t\t\t\t<\/div>\n\t\t<\/section>\n\t\t\t\t<section class=\"elementor-section elementor-top-section elementor-element elementor-element-935b040 elementor-section-full_width elementor-section-height-default elementor-section-height-default\" data-id=\"935b040\" data-element_type=\"section\" data-e-type=\"section\" data-settings=\"{&quot;background_background&quot;:&quot;classic&quot;}\">\n\t\t\t\t\t\t<div class=\"elementor-container elementor-column-gap-default\">\n\t\t\t\t\t<div class=\"elementor-column elementor-col-100 elementor-top-column elementor-element elementor-element-70b1e84d\" data-id=\"70b1e84d\" data-element_type=\"column\" data-e-type=\"column\">\n\t\t\t<div class=\"elementor-widget-wrap elementor-element-populated\">\n\t\t\t\t\t\t<div class=\"elementor-element elementor-element-29864ee elementor-widget elementor-widget-heading\" data-id=\"29864ee\" data-element_type=\"widget\" data-e-type=\"widget\" data-widget_type=\"heading.default\">\n\t\t\t\t<div class=\"elementor-widget-container\">\n\t\t\t\t\t<h1 class=\"elementor-heading-title elementor-size-default\">Duurzaamheid met Gezond Verstand<\/h1>\t\t\t\t<\/div>\n\t\t\t\t<\/div>\n\t\t\t\t\t<\/div>\n\t\t<\/div>\n\t\t\t\t\t<\/div>\n\t\t<\/section>\n\t\t\t\t<section class=\"elementor-section elementor-top-section elementor-element elementor-element-5ee6f026 elementor-section-boxed elementor-section-height-default elementor-section-height-default\" data-id=\"5ee6f026\" data-element_type=\"section\" data-e-type=\"section\">\n\t\t\t\t\t\t<div class=\"elementor-container elementor-column-gap-default\">\n\t\t\t\t\t<div class=\"elementor-column elementor-col-100 elementor-top-column elementor-element elementor-element-1c9eb612\" data-id=\"1c9eb612\" data-element_type=\"column\" data-e-type=\"column\">\n\t\t\t<div class=\"elementor-widget-wrap elementor-element-populated\">\n\t\t\t\t\t\t<div class=\"elementor-element elementor-element-eca3c06 elementor-widget elementor-widget-text-editor\" data-id=\"eca3c06\" data-element_type=\"widget\" data-e-type=\"widget\" data-widget_type=\"text-editor.default\">\n\t\t\t\t<div class=\"elementor-widget-container\">\n\t\t\t\t\t\t\t\t\t<ul>\n<li><span class=\"a_GcMg font-feature-liga-off font-feature-clig-off font-feature-calt-off text-decoration-none text-strikethrough-none\">Geen windmolens of zonneparken dichtbij woningen<\/span><\/li>\n<li><span class=\"a_GcMg font-feature-liga-off font-feature-clig-off font-feature-calt-off text-decoration-none text-strikethrough-none\">Lokale energiewinning op daken, niet in het landschap<\/span><\/li>\n<li><span class=\"a_GcMg font-feature-liga-off font-feature-clig-off font-feature-calt-off text-decoration-none text-strikethrough-none\">Ruimte voor groen- en biogasproductie<\/span><\/li>\n<li><span class=\"a_GcMg font-feature-liga-off font-feature-clig-off font-feature-calt-off text-decoration-none text-strikethrough-none\">Inzetten op lokale energieco\u00f6peraties.<\/span><\/li>\n<li><span class=\"a_GcMg font-feature-liga-off font-feature-clig-off font-feature-calt-off text-decoration-none text-strikethrough-none\">Praktische oplossingen in plaats van dure symboolpolitiek.<\/span><\/li>\n<li><span class=\"a_GcMg font-feature-liga-off font-feature-clig-off font-feature-calt-off text-decoration-none text-strikethrough-none\">Duurzaamheid met gezond verstand en lokaal draagvlak<\/span><\/li>\n<li><span class=\"a_GcMg font-feature-liga-off font-feature-clig-off font-feature-calt-off text-decoration-none text-strikethrough-none\">Slim waterbeheer en vergroening, samen met inwoners<\/span><\/li>\n<\/ul>\t\t\t\t\t\t\t\t<\/div>\n\t\t\t\t<\/div>\n\t\t\t\t\t<\/div>\n\t\t<\/div>\n\t\t\t\t\t<\/div>\n\t\t<\/section>\n\t\t\t\t<section class=\"elementor-section elementor-top-section elementor-element elementor-element-37361e8 elementor-section-boxed elementor-section-height-default elementor-section-height-default\" data-id=\"37361e8\" data-element_type=\"section\" data-e-type=\"section\">\n\t\t\t\t\t\t<div class=\"elementor-container elementor-column-gap-default\">\n\t\t\t\t\t<div class=\"elementor-column elementor-col-100 elementor-top-column elementor-element elementor-element-6e00777\" data-id=\"6e00777\" data-element_type=\"column\" data-e-type=\"column\">\n\t\t\t<div class=\"elementor-widget-wrap elementor-element-populated\">\n\t\t\t\t\t\t<div class=\"elementor-element elementor-element-02b0d87 elementor-widget elementor-widget-text-editor\" data-id=\"02b0d87\" data-element_type=\"widget\" data-e-type=\"widget\" data-widget_type=\"text-editor.default\">\n\t\t\t\t<div class=\"elementor-widget-container\">\n\t\t\t\t\t\t\t\t\t<p class=\"cvGsUA direction-ltr align-start para-style-body\"><span class=\"a_GcMg font-feature-liga-off font-feature-clig-off font-feature-calt-off text-decoration-none text-strikethrough-none\">De VOV gelooft in verduurzaming maar dan wel zonder dwang, zonder luchtkastelen en zonder schade aan natuur en leefomgeving.<\/span><\/p><p class=\"cvGsUA direction-ltr align-start para-style-body\"><span class=\"a_GcMg font-feature-liga-off font-feature-clig-off font-feature-calt-off text-decoration-none text-strikethrough-none\">Wij zijn tegen windmolens en zonneparken die het landschap aantasten of te dicht bij woningen worden geplaatst. Windmolens veroorzaken horizonvervuiling, natuurverlies en mogelijke gezondheidsrisico\u2019s. Vaak worden ze gebouwd zonder draagvlak van de mensen die in de omgeving wonen terwijl zij daar direct mee te maken krijgen.<\/span><\/p><p class=\"cvGsUA direction-ltr align-start para-style-body\"><span class=\"a_GcMg font-feature-liga-off font-feature-clig-off font-feature-calt-off text-decoration-none text-strikethrough-none\">Verduurzaming kan wel goed uitpakken als het lokaal gebeurt. Denk aan:<\/span><\/p><ul><li><span class=\"a_GcMg font-feature-liga-off font-feature-clig-off font-feature-calt-off text-decoration-none text-strikethrough-none\">Zonnepanelen op daken van sportclubs, scholen, bedrijven en agrarische gebouwen.<\/span><\/li><li><span class=\"a_GcMg font-feature-liga-off font-feature-clig-off font-feature-calt-off text-decoration-none text-strikethrough-none\">Actieve steun voor lokale initiatieven zoals energieco\u00f6peratie Vechtstromen, waarbij opbrengsten in de gemeenschap blijven en inwoners zeggenschap houden.<\/span><\/li><li><span class=\"a_GcMg font-feature-liga-off font-feature-clig-off font-feature-calt-off text-decoration-none text-strikethrough-none\">Gemeentelijke subsidie bij isolatiemaatregelen voor oudere of slecht ge\u00efsoleerde woningen.<\/span><\/li><li><span class=\"a_GcMg font-feature-liga-off font-feature-clig-off font-feature-calt-off text-decoration-none text-strikethrough-none\">Uitbreiden van de groene subsidieregeling, zoals voor een regenton.<\/span><\/li><li><span class=\"a_GcMg font-feature-liga-off font-feature-clig-off font-feature-calt-off text-decoration-none text-strikethrough-none\">Ruimte geven aan agrari\u00ebrs die groen- of biogas willen produceren.<\/span><\/li><li><span class=\"a_GcMg font-feature-liga-off font-feature-clig-off font-feature-calt-off text-decoration-none text-strikethrough-none\">Het ondersteunen en stimuleren van het planten van inheemse bomen en planten.<\/span><\/li><\/ul><p>\u00a0<\/p><p class=\"cvGsUA direction-ltr align-start para-style-body\"><strong><span class=\"a_GcMg font-feature-liga-off font-feature-clig-off font-feature-calt-off text-decoration-none text-strikethrough-none\">Slim omgaan met regenwater<\/span><\/strong><\/p><p class=\"cvGsUA direction-ltr align-start para-style-body\"><span class=\"a_GcMg font-feature-liga-off font-feature-clig-off font-feature-calt-off text-decoration-none text-strikethrough-none\">De VOV wil dat bij de aanleg van nieuwe wijken en bij herinrichting van groenvoorzieningen wordt gekeken naar slimme wateropslag. Zo voorkomen we wateroverlast bij hevige regen \u00e9n houden we in droge periodes water beschikbaar voor bewatering van groen. We stimuleren inwoners om hieraan mee te doen, bijvoorbeeld met een subsidie voor regentonnen of andere systemen voor regenwateropvang. Zo werken we samen aan een klimaatbestendig Ommen, zonder onnodige kosten of ingewikkelde regels.<\/span><\/p><p class=\"cvGsUA direction-ltr align-start para-style-body\"><span class=\"a_GcMg font-feature-liga-off font-feature-clig-off font-feature-calt-off text-decoration-none text-strikethrough-none\">Wij zijn voor duurzaamheid, maar met gezond verstand, draagvlak en voordelen voor onze inwoners. Liever 100 woningen goed ge\u00efsoleerd dan \u00e9\u00e9n prestigeproject waar niemand baat bij heeft. De VOV kiest voor praktische oplossingen met effect: oplossingen die betaalbaar zijn, draagvlak hebben en rendement opleveren voor de gemeenschap.<\/span><\/p>\t\t\t\t\t\t\t\t<\/div>\n\t\t\t\t<\/div>\n\t\t\t\t\t<\/div>\n\t\t<\/div>\n\t\t\t\t\t<\/div>\n\t\t<\/section>\n\t\t\t\t<section class=\"elementor-section elementor-top-section elementor-element elementor-element-dcc82e7 elementor-section-boxed elementor-section-height-default elementor-section-height-default\" data-id=\"dcc82e7\" data-element_type=\"section\" data-e-type=\"section\">\n\t\t\t\t\t\t<div class=\"elementor-container elementor-column-gap-default\">\n\t\t\t\t\t<div class=\"elementor-column elementor-col-100 elementor-top-column elementor-element elementor-element-f5e9e66\" data-id=\"f5e9e66\" data-element_type=\"column\" data-e-type=\"column\">\n\t\t\t<div class=\"elementor-widget-wrap elementor-element-populated\">\n\t\t\t\t\t\t<div class=\"elementor-element elementor-element-1e9a17a elementor-nav-menu__align-center elementor-nav-menu--dropdown-none elementor-widget elementor-widget-nav-menu\" data-id=\"1e9a17a\" data-element_type=\"widget\" data-e-type=\"widget\" data-settings=\"{&quot;layout&quot;:&quot;horizontal&quot;,&quot;submenu_icon&quot;:{&quot;value&quot;:&quot;&lt;i class=\\&quot;fas fa-caret-down\\&quot; aria-hidden=\\&quot;true\\&quot;&gt;&lt;\\\/i&gt;&quot;,&quot;library&quot;:&quot;fa-solid&quot;}}\" data-widget_type=\"nav-menu.default\">\n\t\t\t\t<div class=\"elementor-widget-container\">\n\t\t\t\t\t\t\t\t<nav aria-label=\"Menu\" class=\"elementor-nav-menu--main elementor-nav-menu__container elementor-nav-menu--layout-horizontal e--pointer-underline e--animation-fade\">\n\t\t\t\t<ul id=\"menu-1-1e9a17a\" class=\"elementor-nav-menu\"><li class=\"menu-item menu-item-type-post_type menu-item-object-page menu-item-5790\"><a href=\"https:\/\/www.vov-ommen.nl\/index.php\/inwoners-en-ondernemers-op-1\/\" class=\"elementor-item menu-link\">Inwoners en Ondernemers op 1<\/a><\/li>\n<li class=\"menu-item menu-item-type-post_type menu-item-object-page menu-item-5787\"><a href=\"https:\/\/www.vov-ommen.nl\/index.php\/__trashed-2\/\" class=\"elementor-item menu-link\">Betaalbaar Wonen<\/a><\/li>\n<li class=\"menu-item menu-item-type-post_type menu-item-object-page menu-item-5791\"><a href=\"https:\/\/www.vov-ommen.nl\/index.php\/jongeren-hebben-een-toekomst-in-ommen\/\" class=\"elementor-item menu-link\">Jongeren hebben een toekomst in Ommen<\/a><\/li>\n<li class=\"menu-item menu-item-type-post_type menu-item-object-page menu-item-5801\"><a href=\"https:\/\/www.vov-ommen.nl\/index.php\/waardig-en-waardevol-ouder-worden\/\" class=\"elementor-item menu-link\">Waardig en waardevol ouder worden<\/a><\/li>\n<li class=\"menu-item menu-item-type-post_type menu-item-object-page menu-item-5800\"><a href=\"https:\/\/www.vov-ommen.nl\/index.php\/verkeer-en-bereikbaarheid\/\" class=\"elementor-item menu-link\">Verkeer en Bereikbaarheid<\/a><\/li>\n<li class=\"menu-item menu-item-type-post_type menu-item-object-page menu-item-5793\"><a href=\"https:\/\/www.vov-ommen.nl\/index.php\/leefbare-dorpen-en-buitengebieden\/\" class=\"elementor-item menu-link\">Leefbare Dorpen en Buitengebieden<\/a><\/li>\n<li class=\"menu-item menu-item-type-post_type menu-item-object-page menu-item-5797\"><a href=\"https:\/\/www.vov-ommen.nl\/index.php\/toekomstbestendig-ondernemen\/\" class=\"elementor-item menu-link\">Toekomstbestendig Ondernemen<\/a><\/li>\n<li class=\"menu-item menu-item-type-post_type menu-item-object-page menu-item-5802\"><a href=\"https:\/\/www.vov-ommen.nl\/index.php\/zorg-en-samenleving\/\" class=\"elementor-item menu-link\">Zorg en Samenleving<\/a><\/li>\n<li class=\"menu-item menu-item-type-post_type menu-item-object-page menu-item-5798\"><a href=\"https:\/\/www.vov-ommen.nl\/index.php\/toerisme-recreatie-en-horeca\/\" class=\"elementor-item menu-link\">Toerisme, Recreatie en Horeca<\/a><\/li>\n<li class=\"menu-item menu-item-type-post_type menu-item-object-page menu-item-5792\"><a href=\"https:\/\/www.vov-ommen.nl\/index.php\/landbouw-en-natuur-in-balans\/\" class=\"elementor-item menu-link\">Landbouw en Natuur in Balans<\/a><\/li>\n<li class=\"menu-item menu-item-type-post_type menu-item-object-page menu-item-5788\"><a href=\"https:\/\/www.vov-ommen.nl\/index.php\/duurzaamheid-met-gezond-verstand\/\" class=\"elementor-item menu-link\">Duurzaamheid met Gezond Verstand<\/a><\/li>\n<li class=\"menu-item menu-item-type-post_type menu-item-object-page menu-item-5796\"><a href=\"https:\/\/www.vov-ommen.nl\/index.php\/sport-cultuur-voor-iedereen\/\" class=\"elementor-item menu-link\">Sport &#038; Cultuur voor Iedereen<\/a><\/li>\n<li class=\"menu-item menu-item-type-post_type menu-item-object-page menu-item-5795\"><a href=\"https:\/\/www.vov-ommen.nl\/index.php\/meer-vertrouwen-minder-regels\/\" class=\"elementor-item menu-link\">Meer Vertrouwen, Minder Regels!<\/a><\/li>\n<li class=\"menu-item menu-item-type-post_type menu-item-object-page menu-item-5789\"><a href=\"https:\/\/www.vov-ommen.nl\/index.php\/grip-op-asiel-migratie\/\" class=\"elementor-item menu-link\">Grip op Asiel &#038; Migratie<\/a><\/li>\n<li class=\"menu-item menu-item-type-post_type menu-item-object-page menu-item-5799\"><a href=\"https:\/\/www.vov-ommen.nl\/index.php\/veiligheid-en-fatsoen\/\" class=\"elementor-item menu-link\">Veiligheid en Fatsoen<\/a><\/li>\n<li class=\"menu-item menu-item-type-post_type menu-item-object-page menu-item-5786\"><a href=\"https:\/\/www.vov-ommen.nl\/index.php\/belastingen-en-heffingen\/\" class=\"elementor-item menu-link\">Belastingen en Heffingen<\/a><\/li>\n<li class=\"menu-item menu-item-type-post_type menu-item-object-page menu-item-5794\"><a href=\"https:\/\/www.vov-ommen.nl\/index.php\/lokaal-bestuur-met-vertrouwen-en-echte-inspraak\/\" class=\"elementor-item menu-link\">Lokaal bestuur met vertrouwen  en echte inspraak<\/a><\/li>\n<\/ul>\t\t\t<\/nav>\n\t\t\t\t\t\t<nav class=\"elementor-nav-menu--dropdown elementor-nav-menu__container\" aria-hidden=\"true\">\n\t\t\t\t<ul id=\"menu-2-1e9a17a\" class=\"elementor-nav-menu\"><li class=\"menu-item menu-item-type-post_type menu-item-object-page menu-item-5790\"><a href=\"https:\/\/www.vov-ommen.nl\/index.php\/inwoners-en-ondernemers-op-1\/\" class=\"elementor-item menu-link\" tabindex=\"-1\">Inwoners en Ondernemers op 1<\/a><\/li>\n<li class=\"menu-item menu-item-type-post_type menu-item-object-page menu-item-5787\"><a href=\"https:\/\/www.vov-ommen.nl\/index.php\/__trashed-2\/\" class=\"elementor-item menu-link\" tabindex=\"-1\">Betaalbaar Wonen<\/a><\/li>\n<li class=\"menu-item menu-item-type-post_type menu-item-object-page menu-item-5791\"><a href=\"https:\/\/www.vov-ommen.nl\/index.php\/jongeren-hebben-een-toekomst-in-ommen\/\" class=\"elementor-item menu-link\" tabindex=\"-1\">Jongeren hebben een toekomst in Ommen<\/a><\/li>\n<li class=\"menu-item menu-item-type-post_type menu-item-object-page menu-item-5801\"><a href=\"https:\/\/www.vov-ommen.nl\/index.php\/waardig-en-waardevol-ouder-worden\/\" class=\"elementor-item menu-link\" tabindex=\"-1\">Waardig en waardevol ouder worden<\/a><\/li>\n<li class=\"menu-item menu-item-type-post_type menu-item-object-page menu-item-5800\"><a href=\"https:\/\/www.vov-ommen.nl\/index.php\/verkeer-en-bereikbaarheid\/\" class=\"elementor-item menu-link\" tabindex=\"-1\">Verkeer en Bereikbaarheid<\/a><\/li>\n<li class=\"menu-item menu-item-type-post_type menu-item-object-page menu-item-5793\"><a href=\"https:\/\/www.vov-ommen.nl\/index.php\/leefbare-dorpen-en-buitengebieden\/\" class=\"elementor-item menu-link\" tabindex=\"-1\">Leefbare Dorpen en Buitengebieden<\/a><\/li>\n<li class=\"menu-item menu-item-type-post_type menu-item-object-page menu-item-5797\"><a href=\"https:\/\/www.vov-ommen.nl\/index.php\/toekomstbestendig-ondernemen\/\" class=\"elementor-item menu-link\" tabindex=\"-1\">Toekomstbestendig Ondernemen<\/a><\/li>\n<li class=\"menu-item menu-item-type-post_type menu-item-object-page menu-item-5802\"><a href=\"https:\/\/www.vov-ommen.nl\/index.php\/zorg-en-samenleving\/\" class=\"elementor-item menu-link\" tabindex=\"-1\">Zorg en Samenleving<\/a><\/li>\n<li class=\"menu-item menu-item-type-post_type menu-item-object-page menu-item-5798\"><a href=\"https:\/\/www.vov-ommen.nl\/index.php\/toerisme-recreatie-en-horeca\/\" class=\"elementor-item menu-link\" tabindex=\"-1\">Toerisme, Recreatie en Horeca<\/a><\/li>\n<li class=\"menu-item menu-item-type-post_type menu-item-object-page menu-item-5792\"><a href=\"https:\/\/www.vov-ommen.nl\/index.php\/landbouw-en-natuur-in-balans\/\" class=\"elementor-item menu-link\" tabindex=\"-1\">Landbouw en Natuur in Balans<\/a><\/li>\n<li class=\"menu-item menu-item-type-post_type menu-item-object-page menu-item-5788\"><a href=\"https:\/\/www.vov-ommen.nl\/index.php\/duurzaamheid-met-gezond-verstand\/\" class=\"elementor-item menu-link\" tabindex=\"-1\">Duurzaamheid met Gezond Verstand<\/a><\/li>\n<li class=\"menu-item menu-item-type-post_type menu-item-object-page menu-item-5796\"><a href=\"https:\/\/www.vov-ommen.nl\/index.php\/sport-cultuur-voor-iedereen\/\" class=\"elementor-item menu-link\" tabindex=\"-1\">Sport &#038; Cultuur voor Iedereen<\/a><\/li>\n<li class=\"menu-item menu-item-type-post_type menu-item-object-page menu-item-5795\"><a href=\"https:\/\/www.vov-ommen.nl\/index.php\/meer-vertrouwen-minder-regels\/\" class=\"elementor-item menu-link\" tabindex=\"-1\">Meer Vertrouwen, Minder Regels!<\/a><\/li>\n<li class=\"menu-item menu-item-type-post_type menu-item-object-page menu-item-5789\"><a href=\"https:\/\/www.vov-ommen.nl\/index.php\/grip-op-asiel-migratie\/\" class=\"elementor-item menu-link\" tabindex=\"-1\">Grip op Asiel &#038; Migratie<\/a><\/li>\n<li class=\"menu-item menu-item-type-post_type menu-item-object-page menu-item-5799\"><a href=\"https:\/\/www.vov-ommen.nl\/index.php\/veiligheid-en-fatsoen\/\" class=\"elementor-item menu-link\" tabindex=\"-1\">Veiligheid en Fatsoen<\/a><\/li>\n<li class=\"menu-item menu-item-type-post_type menu-item-object-page menu-item-5786\"><a href=\"https:\/\/www.vov-ommen.nl\/index.php\/belastingen-en-heffingen\/\" class=\"elementor-item menu-link\" tabindex=\"-1\">Belastingen en Heffingen<\/a><\/li>\n<li class=\"menu-item menu-item-type-post_type menu-item-object-page menu-item-5794\"><a href=\"https:\/\/www.vov-ommen.nl\/index.php\/lokaal-bestuur-met-vertrouwen-en-echte-inspraak\/\" class=\"elementor-item menu-link\" tabindex=\"-1\">Lokaal bestuur met vertrouwen  en echte inspraak<\/a><\/li>\n<\/ul>\t\t\t<\/nav>\n\t\t\t\t\t\t<\/div>\n\t\t\t\t<\/div>\n\t\t\t\t\t<\/div>\n\t\t<\/div>\n\t\t\t\t\t<\/div>\n\t\t<\/section>\n\t\t\t\t<\/div>\n\t\t","protected":false},"excerpt":{"rendered":"<p>Stem VOV, omdat het beter kan! Duurzaamheid met Gezond Verstand Geen windmolens of zonneparken dichtbij woningen Lokale energiewinning op daken, niet in het landschap Ruimte voor groen- en biogasproductie Inzetten op lokale energieco\u00f6peraties. Praktische oplossingen in plaats van dure symboolpolitiek. Duurzaamheid met gezond verstand en lokaal draagvlak Slim waterbeheer en vergroening, samen met inwoners De [&hellip;]<\/p>\n","protected":false},"author":1,"featured_media":0,"parent":0,"menu_order":0,"comment_status":"closed","ping_status":"closed","template":"","meta":{"site-sidebar-layout":"no-sidebar","site-content-layout":"page-builder","ast-site-content-layout":"full-width-container","site-content-style":"default","site-sidebar-style":"default","ast-global-header-display":"","ast-banner-title-visibility":"","ast-main-header-display":"","ast-hfb-above-header-display":"","ast-hfb-below-header-display":"","ast-hfb-mobile-header-display":"","site-post-title":"","ast-breadcrumbs-content":"","ast-featured-img":"disabled","footer-sml-layout":"","ast-disable-related-posts":"","theme-transparent-header-meta":"","adv-header-id-meta":"","stick-header-meta":"","header-above-stick-meta":"","header-main-stick-meta":"","header-below-stick-meta":"","astra-migrate-meta-layouts":"set","ast-page-background-enabled":"default","ast-page-background-meta":{"desktop":{"background-color":"var(--ast-global-color-4)","background-image":"","background-repeat":"repeat","background-position":"center center","background-size":"auto","background-attachment":"scroll","background-type":"","background-media":"","overlay-type":"","overlay-color":"","overlay-opacity":"","overlay-gradient":""},"tablet":{"background-color":"","background-image":"","background-repeat":"repeat","background-position":"center center","background-size":"auto","background-attachment":"scroll","background-type":"","background-media":"","overlay-type":"","overlay-color":"","overlay-opacity":"","overlay-gradient":""},"mobile":{"background-color":"","background-image":"","background-repeat":"repeat","background-position":"center center","background-size":"auto","background-attachment":"scroll","background-type":"","background-media":"","overlay-type":"","overlay-color":"","overlay-opacity":"","overlay-gradient":""}},"ast-content-background-meta":{"desktop":{"background-color":"var(--ast-global-color-5)","background-image":"","background-repeat":"repeat","background-position":"center center","background-size":"auto","background-attachment":"scroll","background-type":"","background-media":"","overlay-type":"","overlay-color":"","overlay-opacity":"","overlay-gradient":""},"tablet":{"background-color":"var(--ast-global-color-5)","background-image":"","background-repeat":"repeat","background-position":"center center","background-size":"auto","background-attachment":"scroll","background-type":"","background-media":"","overlay-type":"","overlay-color":"","overlay-opacity":"","overlay-gradient":""},"mobile":{"background-color":"var(--ast-global-color-5)","background-image":"","background-repeat":"repeat","background-position":"center center","background-size":"auto","background-attachment":"scroll","background-type":"","background-media":"","overlay-type":"","overlay-color":"","overlay-opacity":"","overlay-gradient":""}},"footnotes":""},"class_list":["post-5416","page","type-page","status-publish","hentry"],"_links":{"self":[{"href":"https:\/\/www.vov-ommen.nl\/index.php\/wp-json\/wp\/v2\/pages\/5416","targetHints":{"allow":["GET"]}}],"collection":[{"href":"https:\/\/www.vov-ommen.nl\/index.php\/wp-json\/wp\/v2\/pages"}],"about":[{"href":"https:\/\/www.vov-ommen.nl\/index.php\/wp-json\/wp\/v2\/types\/page"}],"author":[{"embeddable":true,"href":"https:\/\/www.vov-ommen.nl\/index.php\/wp-json\/wp\/v2\/users\/1"}],"replies":[{"embeddable":true,"href":"https:\/\/www.vov-ommen.nl\/index.php\/wp-json\/wp\/v2\/comments?post=5416"}],"version-history":[{"count":19,"href":"https:\/\/www.vov-ommen.nl\/index.php\/wp-json\/wp\/v2\/pages\/5416\/revisions"}],"predecessor-version":[{"id":5826,"href":"https:\/\/www.vov-ommen.nl\/index.php\/wp-json\/wp\/v2\/pages\/5416\/revisions\/5826"}],"wp:attachment":[{"href":"https:\/\/www.vov-ommen.nl\/index.php\/wp-json\/wp\/v2\/media?parent=5416"}],"curies":[{"name":"wp","href":"https:\/\/api.w.org\/{rel}","templated":true}]}}